{"id":46,"date":"2022-08-26T13:08:30","date_gmt":"2022-08-26T11:08:30","guid":{"rendered":"https:\/\/micolini.at\/2022\/?page_id=46"},"modified":"2022-08-26T15:37:11","modified_gmt":"2022-08-26T13:37:11","slug":"our-range-of-services","status":"publish","type":"page","link":"https:\/\/micolini.at\/2022\/our-range-of-services\/","title":{"rendered":"Unsere Leistungen"},"content":{"rendered":"<h2 class=\"wp-block-heading\">Sprache bringt uns zusammen<\/h2>\n\n\n\n<blockquote class=\"wp-block-quote is-layout-flow wp-block-quote-is-layout-flow\"><p><strong>\u201eDas Schicksal der Welt h\u00e4ngt in erster Linie von Staatsm\u00e4nnern, in zweiter Linie von Dolmetschern ab.\u201c<\/strong><\/p><cite>Tryggve Lie, erster UNO-Generalsekret\u00e4r<\/cite><\/blockquote>\n\n\n\n<p>Das dritte Jahrtausend hat begonnen: Die Welt w\u00e4chst zusammen. Die Kommunikation beschleunigt sich. Sprache als Medium von Gedanken und Gef\u00fchlen, Gesten und Gesch\u00e4ftsprozessen ist in eine neue Dimension getreten.<\/p>\n\n\n\n<p>Die neue WWWirklichkeit verlangt nach Synergien im Wissen, Innovationen in den Methoden und Perfektion im Ergebnis. <strong>Deshalb: Kontaktieren Sie uns!<\/strong><\/p>","protected":false},"excerpt":{"rendered":"<p>Sprache bringt uns zusammen \u201eDas Schicksal der Welt h\u00e4ngt in erster Linie von Staatsm\u00e4nnern, in zweiter Linie von Dolmetschern ab.\u201c Tryggve Lie, erster UNO-Generalsekret\u00e4r Das dritte Jahrtausend hat begonnen: Die Welt w\u00e4chst zusammen. Die Kommunikation beschleunigt sich. Sprache als Medium von Gedanken und Gef\u00fchlen, Gesten und Gesch\u00e4ftsprozessen ist in eine neue Dimension getreten. Die neue &hellip; <a href=\"https:\/\/micolini.at\/2022\/our-range-of-services\/\" class=\"more-link\"><span class=\"screen-reader-text\">Unsere Leistungen<\/span> weiterlesen <span class=\"meta-nav\">&rarr;<\/span><\/a><\/p>\n","protected":false},"author":1,"featured_media":0,"parent":0,"menu_order":0,"comment_status":"closed","ping_status":"closed","template":"","meta":{"inline_featured_image":false,"footnotes":""},"class_list":["post-46","page","type-page","status-publish","hentry"],"yoast_head":"<!-- This site is optimized with the Yoast SEO plugin v19.10 - https:\/\/yoast.com\/wordpress\/plugins\/seo\/ -->\n<title>Unsere Leistungen - DDDR. Micolini<\/title>\n<meta name=\"robots\" content=\"index, follow, max-snippet:-1, max-image-preview:large, max-video-preview:-1\" \/>\n<link rel=\"canonical\" href=\"https:\/\/micolini.at\/2022\/our-range-of-services\/\" \/>\n<meta property=\"og:locale\" content=\"de_DE\" \/>\n<meta property=\"og:type\" content=\"article\" \/>\n<meta property=\"og:title\" content=\"Unsere Leistungen - DDDR. Micolini\" \/>\n<meta property=\"og:description\" content=\"Sprache bringt uns zusammen \u201eDas Schicksal der Welt h\u00e4ngt in erster Linie von Staatsm\u00e4nnern, in zweiter Linie von Dolmetschern ab.\u201c Tryggve Lie, erster UNO-Generalsekret\u00e4r Das dritte Jahrtausend hat begonnen: Die Welt w\u00e4chst zusammen. Die Kommunikation beschleunigt sich. Sprache als Medium von Gedanken und Gef\u00fchlen, Gesten und Gesch\u00e4ftsprozessen ist in eine neue Dimension getreten. Die neue &hellip; Unsere Leistungen weiterlesen &rarr;\" \/>\n<meta property=\"og:url\" content=\"https:\/\/micolini.at\/2022\/our-range-of-services\/\" \/>\n<meta property=\"og:site_name\" content=\"DDDR. Micolini\" \/>\n<meta property=\"article:modified_time\" content=\"2022-08-26T13:37:11+00:00\" \/>\n<meta name=\"twitter:card\" content=\"summary_large_image\" \/>\n<meta name=\"twitter:label1\" content=\"Gesch\u00e4tzte Lesezeit\" \/>\n\t<meta name=\"twitter:data1\" content=\"1\u00a0Minute\" \/>\n<script type=\"application\/ld+json\" class=\"yoast-schema-graph\">{\"@context\":\"https:\/\/schema.org\",\"@graph\":[{\"@type\":\"WebPage\",\"@id\":\"https:\/\/micolini.at\/2022\/our-range-of-services\/\",\"url\":\"https:\/\/micolini.at\/2022\/our-range-of-services\/\",\"name\":\"Unsere Leistungen - DDDR. Micolini\",\"isPartOf\":{\"@id\":\"https:\/\/micolini.at\/2022\/#website\"},\"datePublished\":\"2022-08-26T11:08:30+00:00\",\"dateModified\":\"2022-08-26T13:37:11+00:00\",\"breadcrumb\":{\"@id\":\"https:\/\/micolini.at\/2022\/our-range-of-services\/#breadcrumb\"},\"inLanguage\":\"de\",\"potentialAction\":[{\"@type\":\"ReadAction\",\"target\":[[\"https:\/\/micolini.at\/2022\/our-range-of-services\/\"]]}]},{\"@type\":\"BreadcrumbList\",\"@id\":\"https:\/\/micolini.at\/2022\/our-range-of-services\/#breadcrumb\",\"itemListElement\":[{\"@type\":\"ListItem\",\"position\":1,\"name\":\"Startseite\",\"item\":\"https:\/\/micolini.at\/2022\/\"},{\"@type\":\"ListItem\",\"position\":2,\"name\":\"Unsere Leistungen\"}]},{\"@type\":\"WebSite\",\"@id\":\"https:\/\/micolini.at\/2022\/#website\",\"url\":\"https:\/\/micolini.at\/2022\/\",\"name\":\"DDDR. Micolini\",\"description\":\"Wilkommen in der Welt der Sprachen\",\"potentialAction\":[{\"@type\":\"SearchAction\",\"target\":{\"@type\":\"EntryPoint\",\"urlTemplate\":\"https:\/\/micolini.at\/2022\/?s={search_term_string}\"},\"query-input\":\"required name=search_term_string\"}],\"inLanguage\":\"de\"}]}<\/script>\n<!-- \/ Yoast SEO plugin. -->","yoast_head_json":{"title":"Unsere Leistungen - DDDR. Micolini","robots":{"index":"index","follow":"follow","max-snippet":"max-snippet:-1","max-image-preview":"max-image-preview:large","max-video-preview":"max-video-preview:-1"},"canonical":"https:\/\/micolini.at\/2022\/our-range-of-services\/","og_locale":"de_DE","og_type":"article","og_title":"Unsere Leistungen - DDDR. Micolini","og_description":"Sprache bringt uns zusammen \u201eDas Schicksal der Welt h\u00e4ngt in erster Linie von Staatsm\u00e4nnern, in zweiter Linie von Dolmetschern ab.\u201c Tryggve Lie, erster UNO-Generalsekret\u00e4r Das dritte Jahrtausend hat begonnen: Die Welt w\u00e4chst zusammen. Die Kommunikation beschleunigt sich. Sprache als Medium von Gedanken und Gef\u00fchlen, Gesten und Gesch\u00e4ftsprozessen ist in eine neue Dimension getreten. Die neue &hellip; Unsere Leistungen weiterlesen &rarr;","og_url":"https:\/\/micolini.at\/2022\/our-range-of-services\/","og_site_name":"DDDR. Micolini","article_modified_time":"2022-08-26T13:37:11+00:00","twitter_card":"summary_large_image","twitter_misc":{"Gesch\u00e4tzte Lesezeit":"1\u00a0Minute"},"schema":{"@context":"https:\/\/schema.org","@graph":[{"@type":"WebPage","@id":"https:\/\/micolini.at\/2022\/our-range-of-services\/","url":"https:\/\/micolini.at\/2022\/our-range-of-services\/","name":"Unsere Leistungen - DDDR. Micolini","isPartOf":{"@id":"https:\/\/micolini.at\/2022\/#website"},"datePublished":"2022-08-26T11:08:30+00:00","dateModified":"2022-08-26T13:37:11+00:00","breadcrumb":{"@id":"https:\/\/micolini.at\/2022\/our-range-of-services\/#breadcrumb"},"inLanguage":"de","potentialAction":[{"@type":"ReadAction","target":[["https:\/\/micolini.at\/2022\/our-range-of-services\/"]]}]},{"@type":"BreadcrumbList","@id":"https:\/\/micolini.at\/2022\/our-range-of-services\/#breadcrumb","itemListElement":[{"@type":"ListItem","position":1,"name":"Startseite","item":"https:\/\/micolini.at\/2022\/"},{"@type":"ListItem","position":2,"name":"Unsere Leistungen"}]},{"@type":"WebSite","@id":"https:\/\/micolini.at\/2022\/#website","url":"https:\/\/micolini.at\/2022\/","name":"DDDR. Micolini","description":"Wilkommen in der Welt der Sprachen","potentialAction":[{"@type":"SearchAction","target":{"@type":"EntryPoint","urlTemplate":"https:\/\/micolini.at\/2022\/?s={search_term_string}"},"query-input":"required name=search_term_string"}],"inLanguage":"de"}]}},"_links":{"self":[{"href":"https:\/\/micolini.at\/2022\/wp-json\/wp\/v2\/pages\/46","targetHints":{"allow":["GET"]}}],"collection":[{"href":"https:\/\/micolini.at\/2022\/wp-json\/wp\/v2\/pages"}],"about":[{"href":"https:\/\/micolini.at\/2022\/wp-json\/wp\/v2\/types\/page"}],"author":[{"embeddable":true,"href":"https:\/\/micolini.at\/2022\/wp-json\/wp\/v2\/users\/1"}],"replies":[{"embeddable":true,"href":"https:\/\/micolini.at\/2022\/wp-json\/wp\/v2\/comments?post=46"}],"version-history":[{"count":8,"href":"https:\/\/micolini.at\/2022\/wp-json\/wp\/v2\/pages\/46\/revisions"}],"predecessor-version":[{"id":133,"href":"https:\/\/micolini.at\/2022\/wp-json\/wp\/v2\/pages\/46\/revisions\/133"}],"wp:attachment":[{"href":"https:\/\/micolini.at\/2022\/wp-json\/wp\/v2\/media?parent=46"}],"curies":[{"name":"wp","href":"https:\/\/api.w.org\/{rel}","templated":true}]}}