{"id":51,"date":"2022-08-26T13:12:12","date_gmt":"2022-08-26T11:12:12","guid":{"rendered":"https:\/\/micolini.at\/2022\/?page_id=51"},"modified":"2022-08-26T13:13:38","modified_gmt":"2022-08-26T11:13:38","slug":"our-languages","status":"publish","type":"page","link":"https:\/\/micolini.at\/2022\/our-languages\/","title":{"rendered":"Unsere Sprachen"},"content":{"rendered":"<h2 class=\"wp-block-heading\">Sage und schreibe 110 Sprachen<\/h2>\n\n\n\n<p>Micolini hat sich an den Schnittpunkten linguistischer Synergieachsen positioniert und vereinigt die Kompetenz von \u00dcbersetzern und Dolmetschern, die in 110 Sprachen f\u00fcr Ihre Kommunikation bereit stehen. Wir sprechen folgende Sprachen f\u00fcr Sie:<\/p>\n\n\n\n<p>Afrikaans, Albanisch, Amharisch, Arabisch, Armenisch, Aserbaidschanisch, Ashanti, Bambara, Bengalisch, Benin, Bosnisch, Brasilianisch\u2013Portugiesisch, Bulgarisch, Chinesisch, Dari, D\u00e4nisch, Deutsch, Edo, Englisch, Esperanto, Estnisch, Ewe, Fante, Farsi, Finnisch, Flandrisch, Fl\u00e4misch, Franz\u00f6sisch, Ga, Geb\u00e4rdensprache, Georgisch, Griechisch, Hebr\u00e4isch, Hindi, Holl\u00e4ndisch, Ibo, Indonesisch, Inguschetisch, Irisch , Isaan, Isl\u00e4ndisch, Italienisch, Japanisch, Kalderas Romani, Kasachisch, Katalanisch, Khmer, Kikongo, Kinyarwanda, Kirgisisch, Kirundi, Kroatisch, Kisuaheli, Koreanisch, Kurdisch, Kurmanci, Laotisch, Latein, Lettisch, Lingala, Litauisch, Malaysisch, Maltesisch, Mandarin, Mandingo, Marathi, Masri, Mazedonisch, Moldawisch, Mongolisch, Montenegrinisch, Nepalesisch, Norwegisch, Pakistanisch, Pandschabi, Paschtu, Persisch, Polnisch, Portugiesisch, Roma, Rum\u00e4nisch, Russisch, Schottisch, Schwedisch, Serbisch, Serbokroatisch, Singhalesisch, Slowakisch, Slowenisch, Somali, Spanisch, Sudanesisch, Tadschikisch, Tagalog, Taiwanesisch, Tamilisch, Thail\u00e4ndisch, Tibetisch, Tschechisch, Tschetschenisch, Turkmenisch, T\u00fcrkisch, Twi, Ukrainisch, Ungarisch, Urdu, Usbekisch, Vietnamesisch, Wolof und Yoruba.<\/p>","protected":false},"excerpt":{"rendered":"<p>Sage und schreibe 110 Sprachen Micolini hat sich an den Schnittpunkten linguistischer Synergieachsen positioniert und vereinigt die Kompetenz von \u00dcbersetzern und Dolmetschern, die in 110 Sprachen f\u00fcr Ihre Kommunikation bereit stehen. Wir sprechen folgende Sprachen f\u00fcr Sie: Afrikaans, Albanisch, Amharisch, Arabisch, Armenisch, Aserbaidschanisch, Ashanti, Bambara, Bengalisch, Benin, Bosnisch, Brasilianisch\u2013Portugiesisch, Bulgarisch, Chinesisch, Dari, D\u00e4nisch, Deutsch, Edo, &hellip; <a href=\"https:\/\/micolini.at\/2022\/our-languages\/\" class=\"more-link\"><span class=\"screen-reader-text\">Unsere Sprachen<\/span> weiterlesen <span class=\"meta-nav\">&rarr;<\/span><\/a><\/p>\n","protected":false},"author":1,"featured_media":0,"parent":0,"menu_order":0,"comment_status":"closed","ping_status":"closed","template":"","meta":{"inline_featured_image":false,"footnotes":""},"class_list":["post-51","page","type-page","status-publish","hentry"],"yoast_head":"<!-- This site is optimized with the Yoast SEO plugin v19.10 - https:\/\/yoast.com\/wordpress\/plugins\/seo\/ -->\n<title>Unsere Sprachen - DDDR. Micolini<\/title>\n<meta name=\"robots\" content=\"index, follow, max-snippet:-1, max-image-preview:large, max-video-preview:-1\" \/>\n<link rel=\"canonical\" href=\"https:\/\/micolini.at\/2022\/our-languages\/\" \/>\n<meta property=\"og:locale\" content=\"de_DE\" \/>\n<meta property=\"og:type\" content=\"article\" \/>\n<meta property=\"og:title\" content=\"Unsere Sprachen - DDDR. Micolini\" \/>\n<meta property=\"og:description\" content=\"Sage und schreibe 110 Sprachen Micolini hat sich an den Schnittpunkten linguistischer Synergieachsen positioniert und vereinigt die Kompetenz von \u00dcbersetzern und Dolmetschern, die in 110 Sprachen f\u00fcr Ihre Kommunikation bereit stehen. Wir sprechen folgende Sprachen f\u00fcr Sie: Afrikaans, Albanisch, Amharisch, Arabisch, Armenisch, Aserbaidschanisch, Ashanti, Bambara, Bengalisch, Benin, Bosnisch, Brasilianisch\u2013Portugiesisch, Bulgarisch, Chinesisch, Dari, D\u00e4nisch, Deutsch, Edo, &hellip; Unsere Sprachen weiterlesen &rarr;\" \/>\n<meta property=\"og:url\" content=\"https:\/\/micolini.at\/2022\/our-languages\/\" \/>\n<meta property=\"og:site_name\" content=\"DDDR. Micolini\" \/>\n<meta property=\"article:modified_time\" content=\"2022-08-26T11:13:38+00:00\" \/>\n<meta name=\"twitter:card\" content=\"summary_large_image\" \/>\n<meta name=\"twitter:label1\" content=\"Gesch\u00e4tzte Lesezeit\" \/>\n\t<meta name=\"twitter:data1\" content=\"2\u00a0Minuten\" \/>\n<script type=\"application\/ld+json\" class=\"yoast-schema-graph\">{\"@context\":\"https:\/\/schema.org\",\"@graph\":[{\"@type\":\"WebPage\",\"@id\":\"https:\/\/micolini.at\/2022\/our-languages\/\",\"url\":\"https:\/\/micolini.at\/2022\/our-languages\/\",\"name\":\"Unsere Sprachen - DDDR. Micolini\",\"isPartOf\":{\"@id\":\"https:\/\/micolini.at\/2022\/#website\"},\"datePublished\":\"2022-08-26T11:12:12+00:00\",\"dateModified\":\"2022-08-26T11:13:38+00:00\",\"breadcrumb\":{\"@id\":\"https:\/\/micolini.at\/2022\/our-languages\/#breadcrumb\"},\"inLanguage\":\"de\",\"potentialAction\":[{\"@type\":\"ReadAction\",\"target\":[[\"https:\/\/micolini.at\/2022\/our-languages\/\"]]}]},{\"@type\":\"BreadcrumbList\",\"@id\":\"https:\/\/micolini.at\/2022\/our-languages\/#breadcrumb\",\"itemListElement\":[{\"@type\":\"ListItem\",\"position\":1,\"name\":\"Startseite\",\"item\":\"https:\/\/micolini.at\/2022\/\"},{\"@type\":\"ListItem\",\"position\":2,\"name\":\"Unsere Sprachen\"}]},{\"@type\":\"WebSite\",\"@id\":\"https:\/\/micolini.at\/2022\/#website\",\"url\":\"https:\/\/micolini.at\/2022\/\",\"name\":\"DDDR. Micolini\",\"description\":\"Wilkommen in der Welt der Sprachen\",\"potentialAction\":[{\"@type\":\"SearchAction\",\"target\":{\"@type\":\"EntryPoint\",\"urlTemplate\":\"https:\/\/micolini.at\/2022\/?s={search_term_string}\"},\"query-input\":\"required name=search_term_string\"}],\"inLanguage\":\"de\"}]}<\/script>\n<!-- \/ Yoast SEO plugin. -->","yoast_head_json":{"title":"Unsere Sprachen - DDDR. Micolini","robots":{"index":"index","follow":"follow","max-snippet":"max-snippet:-1","max-image-preview":"max-image-preview:large","max-video-preview":"max-video-preview:-1"},"canonical":"https:\/\/micolini.at\/2022\/our-languages\/","og_locale":"de_DE","og_type":"article","og_title":"Unsere Sprachen - DDDR. Micolini","og_description":"Sage und schreibe 110 Sprachen Micolini hat sich an den Schnittpunkten linguistischer Synergieachsen positioniert und vereinigt die Kompetenz von \u00dcbersetzern und Dolmetschern, die in 110 Sprachen f\u00fcr Ihre Kommunikation bereit stehen. Wir sprechen folgende Sprachen f\u00fcr Sie: Afrikaans, Albanisch, Amharisch, Arabisch, Armenisch, Aserbaidschanisch, Ashanti, Bambara, Bengalisch, Benin, Bosnisch, Brasilianisch\u2013Portugiesisch, Bulgarisch, Chinesisch, Dari, D\u00e4nisch, Deutsch, Edo, &hellip; Unsere Sprachen weiterlesen &rarr;","og_url":"https:\/\/micolini.at\/2022\/our-languages\/","og_site_name":"DDDR. Micolini","article_modified_time":"2022-08-26T11:13:38+00:00","twitter_card":"summary_large_image","twitter_misc":{"Gesch\u00e4tzte Lesezeit":"2\u00a0Minuten"},"schema":{"@context":"https:\/\/schema.org","@graph":[{"@type":"WebPage","@id":"https:\/\/micolini.at\/2022\/our-languages\/","url":"https:\/\/micolini.at\/2022\/our-languages\/","name":"Unsere Sprachen - DDDR. Micolini","isPartOf":{"@id":"https:\/\/micolini.at\/2022\/#website"},"datePublished":"2022-08-26T11:12:12+00:00","dateModified":"2022-08-26T11:13:38+00:00","breadcrumb":{"@id":"https:\/\/micolini.at\/2022\/our-languages\/#breadcrumb"},"inLanguage":"de","potentialAction":[{"@type":"ReadAction","target":[["https:\/\/micolini.at\/2022\/our-languages\/"]]}]},{"@type":"BreadcrumbList","@id":"https:\/\/micolini.at\/2022\/our-languages\/#breadcrumb","itemListElement":[{"@type":"ListItem","position":1,"name":"Startseite","item":"https:\/\/micolini.at\/2022\/"},{"@type":"ListItem","position":2,"name":"Unsere Sprachen"}]},{"@type":"WebSite","@id":"https:\/\/micolini.at\/2022\/#website","url":"https:\/\/micolini.at\/2022\/","name":"DDDR. Micolini","description":"Wilkommen in der Welt der Sprachen","potentialAction":[{"@type":"SearchAction","target":{"@type":"EntryPoint","urlTemplate":"https:\/\/micolini.at\/2022\/?s={search_term_string}"},"query-input":"required name=search_term_string"}],"inLanguage":"de"}]}},"_links":{"self":[{"href":"https:\/\/micolini.at\/2022\/wp-json\/wp\/v2\/pages\/51","targetHints":{"allow":["GET"]}}],"collection":[{"href":"https:\/\/micolini.at\/2022\/wp-json\/wp\/v2\/pages"}],"about":[{"href":"https:\/\/micolini.at\/2022\/wp-json\/wp\/v2\/types\/page"}],"author":[{"embeddable":true,"href":"https:\/\/micolini.at\/2022\/wp-json\/wp\/v2\/users\/1"}],"replies":[{"embeddable":true,"href":"https:\/\/micolini.at\/2022\/wp-json\/wp\/v2\/comments?post=51"}],"version-history":[{"count":2,"href":"https:\/\/micolini.at\/2022\/wp-json\/wp\/v2\/pages\/51\/revisions"}],"predecessor-version":[{"id":53,"href":"https:\/\/micolini.at\/2022\/wp-json\/wp\/v2\/pages\/51\/revisions\/53"}],"wp:attachment":[{"href":"https:\/\/micolini.at\/2022\/wp-json\/wp\/v2\/media?parent=51"}],"curies":[{"name":"wp","href":"https:\/\/api.w.org\/{rel}","templated":true}]}}