{"id":55,"date":"2022-08-26T13:19:14","date_gmt":"2022-08-26T11:19:14","guid":{"rendered":"https:\/\/micolini.at\/2022\/?page_id=55"},"modified":"2022-11-18T16:01:50","modified_gmt":"2022-11-18T15:01:50","slug":"kontakt","status":"publish","type":"page","link":"https:\/\/micolini.at\/2022\/kontakt\/","title":{"rendered":"Kontakt"},"content":{"rendered":"<h2 class=\"wp-block-heading\">Sie finden uns an Ort und Stelle:<\/h2>\n\n\n\n<div class=\"wp-block-columns is-layout-flex wp-container-core-columns-is-layout-9d6595d7 wp-block-columns-is-layout-flex\">\n<div class=\"wp-block-column is-layout-flow wp-block-column-is-layout-flow\" style=\"flex-basis:50%\">\n<h2 class=\"wp-block-heading\"><strong>Unser B\u00fcro<\/strong><\/h2>\n\n\n\n<p><strong>DDDR. MICOLINI<\/strong><br>\u00dcbersetzungs- &amp; Dolmetschb\u00fcro<br>Mag. A. Kulac<\/p>\n\n\n\n<p>Elisabethstra\u00dfe 43<br>8010 Graz, Austria<br>Tel: ++43 \/ 316 \/ 829508-0<br>Fax: ++43 \/ 316 \/ 810878<\/p>\n\n\n\n<p>Mail: <a href=\"mailto:micolini@micolini.at\">micolini@micolini.at<\/a><br>Web: <a href=\"http:\/\/www.micolini.at\">www.micolini.at<\/a><\/p>\n\n\n\n<p><a href=\"https:\/\/micolini.at\/de\/legal-notice\/\">Unser Impressum<\/a><br><a href=\"http:\/\/www.micolini.at\/static\/micolini_agb.pdf\" target=\"_blank\" rel=\"noreferrer noopener\">AGB herunterladen<\/a><\/p>\n\n\n\n<p><strong>Unsere B\u00fcrozeiten:<\/strong><br>Mo \u2013 Fr 8:00 \u2013 18:00<\/p>\n\n\n\n<iframe loading=\"lazy\" src=\"https:\/\/maps.google.at\/maps?f=q&amp;source=s_q&amp;hl=de&amp;q=Elisabethstra%C3%9Fe+43,+Geidorf+8010+Graz,+Steiermark&amp;aq=&amp;sll=47.635784,13.590088&amp;sspn=5.974372,12.996826&amp;ie=UTF8&amp;geocode=FZ1QzgId18zrAA&amp;split=0&amp;hq=&amp;hnear=Elisabethstra%C3%9Fe+43,+Geidorf+8010+Graz,+Steiermark&amp;t=m&amp;z=14&amp;ll=47.075485,15.453399&amp;iwloc=&amp;output=embed\" marginwidth=\"0\" marginheight=\"0\" scrolling=\"no\" width=\"425\" height=\"350\" frameborder=\"0\"><\/iframe>\n<\/div>\n\n\n\n<div class=\"wp-block-column is-layout-flow wp-block-column-is-layout-flow\" style=\"flex-basis:50%\">\n<h2 class=\"wp-block-heading\">Kontaktformular<\/h2>\n\n\n<div role=\"form\" class=\"wpcf7\" id=\"wpcf7-f188-o1\" lang=\"de-DE\" dir=\"ltr\">\n<div class=\"screen-reader-response\"><p role=\"status\" aria-live=\"polite\" aria-atomic=\"true\"><\/p> <ul><\/ul><\/div>\n<form action=\"\/2022\/wp-json\/wp\/v2\/pages\/55#wpcf7-f188-o1\" method=\"post\" class=\"wpcf7-form init\" enctype=\"multipart\/form-data\" novalidate=\"novalidate\" data-status=\"init\">\n<div style=\"display: none;\">\n<input type=\"hidden\" name=\"_wpcf7\" value=\"188\" \/>\n<input type=\"hidden\" name=\"_wpcf7_version\" value=\"5.6.4\" \/>\n<input type=\"hidden\" name=\"_wpcf7_locale\" value=\"de_DE_formal\" \/>\n<input type=\"hidden\" name=\"_wpcf7_unit_tag\" value=\"wpcf7-f188-o1\" \/>\n<input type=\"hidden\" name=\"_wpcf7_container_post\" value=\"0\" \/>\n<input type=\"hidden\" name=\"_wpcf7_posted_data_hash\" value=\"\" \/>\n<\/div>\n<p><label> Ihr Name*<br \/>\n    <span class=\"wpcf7-form-control-wrap\" data-name=\"your-name\"><input type=\"text\" name=\"your-name\" value=\"\" size=\"40\" class=\"wpcf7-form-control wpcf7-text wpcf7-validates-as-required\" aria-required=\"true\" aria-invalid=\"false\" \/><\/span> <\/label><br \/>\n<span id=\"wpcf7-69ee428fda429-wrapper\" class=\"wpcf7-form-control-wrap your-website-wrap\" style=\"display:none !important; visibility:hidden !important;\"><input type=\"hidden\" name=\"your-website-time-start\" value=\"1777222287\"><input type=\"hidden\" name=\"your-website-time-check\" value=\"4\"><label for=\"wpcf7-69ee428fda429-field\" class=\"hp-message\">Bitte lassen Sie dieses Feld leer.<\/label><input id=\"wpcf7-69ee428fda429-field\"  class=\"wpcf7-form-control wpcf7-text\" type=\"text\" name=\"your-website\" value=\"\" size=\"40\" tabindex=\"-1\" autocomplete=\"new-password\" \/><\/span><\/p>\n<p><label> Ihre E-Mail-Adresse*<br \/>\n    <span class=\"wpcf7-form-control-wrap\" data-name=\"your-email\"><input type=\"email\" name=\"your-email\" value=\"\" size=\"40\" class=\"wpcf7-form-control wpcf7-text wpcf7-email wpcf7-validates-as-required wpcf7-validates-as-email\" aria-required=\"true\" aria-invalid=\"false\" \/><\/span> <\/label><br \/>\n<span id=\"wpcf7-69ee428fda4c2-wrapper\" class=\"wpcf7-form-control-wrap your-city-wrap\" style=\"display:none !important; visibility:hidden !important;\"><input type=\"hidden\" name=\"your-city-time-start\" value=\"1777222287\"><input type=\"hidden\" name=\"your-city-time-check\" value=\"4\"><label for=\"wpcf7-69ee428fda4c2-field\" class=\"hp-message\">Bitte lassen Sie dieses Feld leer.<\/label><input id=\"wpcf7-69ee428fda4c2-field\"  class=\"wpcf7-form-control wpcf7-text\" type=\"text\" name=\"your-city\" value=\"\" size=\"40\" tabindex=\"-1\" autocomplete=\"new-password\" \/><\/span><\/p>\n<p><label> Ihre Telefonnummer*<br \/>\n    <span class=\"wpcf7-form-control-wrap\" data-name=\"your-phone\"><input type=\"tel\" name=\"your-phone\" value=\"\" size=\"40\" class=\"wpcf7-form-control wpcf7-text wpcf7-tel wpcf7-validates-as-required wpcf7-validates-as-tel\" aria-required=\"true\" aria-invalid=\"false\" \/><\/span> <\/label><br \/>\n<span id=\"wpcf7-69ee428fda536-wrapper\" class=\"wpcf7-form-control-wrap your-zipcode-wrap\" style=\"display:none !important; visibility:hidden !important;\"><input type=\"hidden\" name=\"your-zipcode-time-start\" value=\"1777222287\"><input type=\"hidden\" name=\"your-zipcode-time-check\" value=\"4\"><label for=\"wpcf7-69ee428fda536-field\" class=\"hp-message\">Bitte lassen Sie dieses Feld leer.<\/label><input id=\"wpcf7-69ee428fda536-field\"  class=\"wpcf7-form-control wpcf7-text\" type=\"text\" name=\"your-zipcode\" value=\"\" size=\"40\" tabindex=\"-1\" autocomplete=\"new-password\" \/><\/span><\/p>\n<p><label> Ihr Dokument<br \/>\n    <span class=\"wpcf7-form-control-wrap\" data-name=\"your-attachment\"><input type=\"file\" name=\"your-attachment\" size=\"40\" class=\"wpcf7-form-control wpcf7-file\" accept=\"application\/pdf,image\/jpeg\" aria-invalid=\"false\" \/><\/span> <\/label><br \/>\n<em>Aus Sicherheitsgr\u00fcnden akzeptieren wir nur PDF und JPEG-Dateien.<\/em><\/p>\n<p><label> Ihre Nachricht*<br \/>\n    <span class=\"wpcf7-form-control-wrap\" data-name=\"your-message\"><textarea name=\"your-message\" cols=\"40\" rows=\"10\" class=\"wpcf7-form-control wpcf7-textarea wpcf7-validates-as-required\" aria-required=\"true\" aria-invalid=\"false\"><\/textarea><\/span> <\/label><\/p>\n<p><input type=\"submit\" value=\"Senden\" class=\"wpcf7-form-control has-spinner wpcf7-submit\" \/><\/p>\n<div class=\"wpcf7-response-output\" aria-hidden=\"true\"><\/div><\/form><\/div>\n<\/div>\n<\/div>","protected":false},"excerpt":{"rendered":"<p>Sie finden uns an Ort und Stelle: Unser B\u00fcro DDDR. MICOLINI\u00dcbersetzungs- &amp; Dolmetschb\u00fcroMag. A. Kulac Elisabethstra\u00dfe 438010 Graz, AustriaTel: ++43 \/ 316 \/ 829508-0Fax: ++43 \/ 316 \/ 810878 Mail: micolini@micolini.atWeb: www.micolini.at Unser ImpressumAGB herunterladen Unsere B\u00fcrozeiten:Mo \u2013 Fr 8:00 \u2013 18:00 Kontaktformular<\/p>\n","protected":false},"author":1,"featured_media":0,"parent":0,"menu_order":0,"comment_status":"closed","ping_status":"closed","template":"","meta":{"inline_featured_image":false,"footnotes":""},"class_list":["post-55","page","type-page","status-publish","hentry"],"yoast_head":"<!-- This site is optimized with the Yoast SEO plugin v19.10 - https:\/\/yoast.com\/wordpress\/plugins\/seo\/ -->\n<title>Kontakt - DDDR. Micolini<\/title>\n<meta name=\"description\" content=\"Sie k\u00f6nnen uns ganz einfach per Telefon, E-Mail oder \u00fcber die Website kontaktieren. Wir helfen Ihnen gerne bei Ihrem Anliegen.\" \/>\n<meta name=\"robots\" content=\"index, follow, max-snippet:-1, max-image-preview:large, max-video-preview:-1\" \/>\n<link rel=\"canonical\" href=\"https:\/\/micolini.at\/2022\/kontakt\/\" \/>\n<meta property=\"og:locale\" content=\"de_DE\" \/>\n<meta property=\"og:type\" content=\"article\" \/>\n<meta property=\"og:title\" content=\"Kontakt - DDDR. Micolini\" \/>\n<meta property=\"og:description\" content=\"Sie k\u00f6nnen uns ganz einfach per Telefon, E-Mail oder \u00fcber die Website kontaktieren. Wir helfen Ihnen gerne bei Ihrem Anliegen.\" \/>\n<meta property=\"og:url\" content=\"https:\/\/micolini.at\/2022\/kontakt\/\" \/>\n<meta property=\"og:site_name\" content=\"DDDR. Micolini\" \/>\n<meta property=\"article:modified_time\" content=\"2022-11-18T15:01:50+00:00\" \/>\n<meta name=\"twitter:card\" content=\"summary_large_image\" \/>\n<meta name=\"twitter:label1\" content=\"Gesch\u00e4tzte Lesezeit\" \/>\n\t<meta name=\"twitter:data1\" content=\"1\u00a0Minute\" \/>\n<script type=\"application\/ld+json\" class=\"yoast-schema-graph\">{\"@context\":\"https:\/\/schema.org\",\"@graph\":[{\"@type\":\"WebPage\",\"@id\":\"https:\/\/micolini.at\/2022\/kontakt\/\",\"url\":\"https:\/\/micolini.at\/2022\/kontakt\/\",\"name\":\"Kontakt - DDDR. Micolini\",\"isPartOf\":{\"@id\":\"https:\/\/micolini.at\/2022\/#website\"},\"datePublished\":\"2022-08-26T11:19:14+00:00\",\"dateModified\":\"2022-11-18T15:01:50+00:00\",\"description\":\"Sie k\u00f6nnen uns ganz einfach per Telefon, E-Mail oder \u00fcber die Website kontaktieren. Wir helfen Ihnen gerne bei Ihrem Anliegen.\",\"breadcrumb\":{\"@id\":\"https:\/\/micolini.at\/2022\/kontakt\/#breadcrumb\"},\"inLanguage\":\"de\",\"potentialAction\":[{\"@type\":\"ReadAction\",\"target\":[[\"https:\/\/micolini.at\/2022\/kontakt\/\"]]}]},{\"@type\":\"BreadcrumbList\",\"@id\":\"https:\/\/micolini.at\/2022\/kontakt\/#breadcrumb\",\"itemListElement\":[{\"@type\":\"ListItem\",\"position\":1,\"name\":\"Startseite\",\"item\":\"https:\/\/micolini.at\/2022\/\"},{\"@type\":\"ListItem\",\"position\":2,\"name\":\"Kontakt\"}]},{\"@type\":\"WebSite\",\"@id\":\"https:\/\/micolini.at\/2022\/#website\",\"url\":\"https:\/\/micolini.at\/2022\/\",\"name\":\"DDDR. Micolini\",\"description\":\"Wilkommen in der Welt der Sprachen\",\"potentialAction\":[{\"@type\":\"SearchAction\",\"target\":{\"@type\":\"EntryPoint\",\"urlTemplate\":\"https:\/\/micolini.at\/2022\/?s={search_term_string}\"},\"query-input\":\"required name=search_term_string\"}],\"inLanguage\":\"de\"}]}<\/script>\n<!-- \/ Yoast SEO plugin. -->","yoast_head_json":{"title":"Kontakt - DDDR. Micolini","description":"Sie k\u00f6nnen uns ganz einfach per Telefon, E-Mail oder \u00fcber die Website kontaktieren. Wir helfen Ihnen gerne bei Ihrem Anliegen.","robots":{"index":"index","follow":"follow","max-snippet":"max-snippet:-1","max-image-preview":"max-image-preview:large","max-video-preview":"max-video-preview:-1"},"canonical":"https:\/\/micolini.at\/2022\/kontakt\/","og_locale":"de_DE","og_type":"article","og_title":"Kontakt - DDDR. Micolini","og_description":"Sie k\u00f6nnen uns ganz einfach per Telefon, E-Mail oder \u00fcber die Website kontaktieren. Wir helfen Ihnen gerne bei Ihrem Anliegen.","og_url":"https:\/\/micolini.at\/2022\/kontakt\/","og_site_name":"DDDR. Micolini","article_modified_time":"2022-11-18T15:01:50+00:00","twitter_card":"summary_large_image","twitter_misc":{"Gesch\u00e4tzte Lesezeit":"1\u00a0Minute"},"schema":{"@context":"https:\/\/schema.org","@graph":[{"@type":"WebPage","@id":"https:\/\/micolini.at\/2022\/kontakt\/","url":"https:\/\/micolini.at\/2022\/kontakt\/","name":"Kontakt - DDDR. Micolini","isPartOf":{"@id":"https:\/\/micolini.at\/2022\/#website"},"datePublished":"2022-08-26T11:19:14+00:00","dateModified":"2022-11-18T15:01:50+00:00","description":"Sie k\u00f6nnen uns ganz einfach per Telefon, E-Mail oder \u00fcber die Website kontaktieren. Wir helfen Ihnen gerne bei Ihrem Anliegen.","breadcrumb":{"@id":"https:\/\/micolini.at\/2022\/kontakt\/#breadcrumb"},"inLanguage":"de","potentialAction":[{"@type":"ReadAction","target":[["https:\/\/micolini.at\/2022\/kontakt\/"]]}]},{"@type":"BreadcrumbList","@id":"https:\/\/micolini.at\/2022\/kontakt\/#breadcrumb","itemListElement":[{"@type":"ListItem","position":1,"name":"Startseite","item":"https:\/\/micolini.at\/2022\/"},{"@type":"ListItem","position":2,"name":"Kontakt"}]},{"@type":"WebSite","@id":"https:\/\/micolini.at\/2022\/#website","url":"https:\/\/micolini.at\/2022\/","name":"DDDR. Micolini","description":"Wilkommen in der Welt der Sprachen","potentialAction":[{"@type":"SearchAction","target":{"@type":"EntryPoint","urlTemplate":"https:\/\/micolini.at\/2022\/?s={search_term_string}"},"query-input":"required name=search_term_string"}],"inLanguage":"de"}]}},"_links":{"self":[{"href":"https:\/\/micolini.at\/2022\/wp-json\/wp\/v2\/pages\/55","targetHints":{"allow":["GET"]}}],"collection":[{"href":"https:\/\/micolini.at\/2022\/wp-json\/wp\/v2\/pages"}],"about":[{"href":"https:\/\/micolini.at\/2022\/wp-json\/wp\/v2\/types\/page"}],"author":[{"embeddable":true,"href":"https:\/\/micolini.at\/2022\/wp-json\/wp\/v2\/users\/1"}],"replies":[{"embeddable":true,"href":"https:\/\/micolini.at\/2022\/wp-json\/wp\/v2\/comments?post=55"}],"version-history":[{"count":15,"href":"https:\/\/micolini.at\/2022\/wp-json\/wp\/v2\/pages\/55\/revisions"}],"predecessor-version":[{"id":199,"href":"https:\/\/micolini.at\/2022\/wp-json\/wp\/v2\/pages\/55\/revisions\/199"}],"wp:attachment":[{"href":"https:\/\/micolini.at\/2022\/wp-json\/wp\/v2\/media?parent=55"}],"curies":[{"name":"wp","href":"https:\/\/api.w.org\/{rel}","templated":true}]}}