{"id":85,"date":"2022-08-26T13:53:15","date_gmt":"2022-08-26T11:53:15","guid":{"rendered":"https:\/\/micolini.at\/2022\/?page_id=85"},"modified":"2022-11-18T16:16:09","modified_gmt":"2022-11-18T15:16:09","slug":"ihr-uebersetzungsbuero","status":"publish","type":"page","link":"https:\/\/micolini.at\/2022\/","title":{"rendered":"Home"},"content":{"rendered":"<h2 class=\"wp-block-heading\">Willkommen in der Welt der Sprachen!<\/h2>\n\n\n\n<figure class=\"wp-block-image size-large\"><img loading=\"lazy\" decoding=\"async\" width=\"1024\" height=\"505\" src=\"https:\/\/micolini.at\/2022\/wp-content\/uploads\/2022\/08\/map-1024x505.png\" alt=\"\" class=\"wp-image-105\" srcset=\"https:\/\/micolini.at\/2022\/wp-content\/uploads\/2022\/08\/map-1024x505.png 1024w, https:\/\/micolini.at\/2022\/wp-content\/uploads\/2022\/08\/map-300x148.png 300w, https:\/\/micolini.at\/2022\/wp-content\/uploads\/2022\/08\/map-768x378.png 768w, https:\/\/micolini.at\/2022\/wp-content\/uploads\/2022\/08\/map-1536x757.png 1536w, https:\/\/micolini.at\/2022\/wp-content\/uploads\/2022\/08\/map.png 1920w\" sizes=\"auto, (max-width: 1024px) 100vw, 1024px\" \/><\/figure>","protected":false},"excerpt":{"rendered":"<p>Willkommen in der Welt der Sprachen!<\/p>\n","protected":false},"author":1,"featured_media":0,"parent":0,"menu_order":0,"comment_status":"closed","ping_status":"closed","template":"","meta":{"inline_featured_image":false,"footnotes":""},"class_list":["post-85","page","type-page","status-publish","hentry"],"yoast_head":"<!-- This site is optimized with the Yoast SEO plugin v19.10 - https:\/\/yoast.com\/wordpress\/plugins\/seo\/ -->\n<title>Home - DDDR. Micolini<\/title>\n<meta name=\"description\" content=\"Ihr \u00dcbersetzungsb\u00fcro. Auf uns k\u00f6nnen Sie sich verlassen! Unsere \u00dcbersetzer setzen sich jederzeit \u00fcberall gerne f\u00fcr Sie ein!\" \/>\n<meta name=\"robots\" content=\"index, follow, max-snippet:-1, max-image-preview:large, max-video-preview:-1\" \/>\n<link rel=\"canonical\" href=\"https:\/\/micolini.at\/2022\/\" \/>\n<meta property=\"og:locale\" content=\"de_DE\" \/>\n<meta property=\"og:type\" content=\"article\" \/>\n<meta property=\"og:title\" content=\"Home - DDDR. Micolini\" \/>\n<meta property=\"og:description\" content=\"Ihr \u00dcbersetzungsb\u00fcro. Auf uns k\u00f6nnen Sie sich verlassen! Unsere \u00dcbersetzer setzen sich jederzeit \u00fcberall gerne f\u00fcr Sie ein!\" \/>\n<meta property=\"og:url\" content=\"https:\/\/micolini.at\/2022\/\" \/>\n<meta property=\"og:site_name\" content=\"DDDR. Micolini\" \/>\n<meta property=\"article:modified_time\" content=\"2022-11-18T15:16:09+00:00\" \/>\n<meta property=\"og:image\" content=\"https:\/\/micolini.at\/2022\/wp-content\/uploads\/2022\/08\/map-1024x505.png\" \/>\n<meta name=\"twitter:card\" content=\"summary_large_image\" \/>\n<meta name=\"twitter:label1\" content=\"Gesch\u00e4tzte Lesezeit\" \/>\n\t<meta name=\"twitter:data1\" content=\"1\u00a0Minute\" \/>\n<script type=\"application\/ld+json\" class=\"yoast-schema-graph\">{\"@context\":\"https:\/\/schema.org\",\"@graph\":[{\"@type\":\"WebPage\",\"@id\":\"https:\/\/micolini.at\/2022\/\",\"url\":\"https:\/\/micolini.at\/2022\/\",\"name\":\"Home - DDDR. Micolini\",\"isPartOf\":{\"@id\":\"https:\/\/micolini.at\/2022\/#website\"},\"datePublished\":\"2022-08-26T11:53:15+00:00\",\"dateModified\":\"2022-11-18T15:16:09+00:00\",\"description\":\"Ihr \u00dcbersetzungsb\u00fcro. Auf uns k\u00f6nnen Sie sich verlassen! Unsere \u00dcbersetzer setzen sich jederzeit \u00fcberall gerne f\u00fcr Sie ein!\",\"breadcrumb\":{\"@id\":\"https:\/\/micolini.at\/2022\/#breadcrumb\"},\"inLanguage\":\"de\",\"potentialAction\":[{\"@type\":\"ReadAction\",\"target\":[[\"https:\/\/micolini.at\/2022\/\"]]}]},{\"@type\":\"BreadcrumbList\",\"@id\":\"https:\/\/micolini.at\/2022\/#breadcrumb\",\"itemListElement\":[{\"@type\":\"ListItem\",\"position\":1,\"name\":\"Startseite\",\"item\":\"https:\/\/micolini.at\/2022\/\"},{\"@type\":\"ListItem\",\"position\":2,\"name\":\"Home\"}]},{\"@type\":\"WebSite\",\"@id\":\"https:\/\/micolini.at\/2022\/#website\",\"url\":\"https:\/\/micolini.at\/2022\/\",\"name\":\"DDDR. Micolini\",\"description\":\"Wilkommen in der Welt der Sprachen\",\"potentialAction\":[{\"@type\":\"SearchAction\",\"target\":{\"@type\":\"EntryPoint\",\"urlTemplate\":\"https:\/\/micolini.at\/2022\/?s={search_term_string}\"},\"query-input\":\"required name=search_term_string\"}],\"inLanguage\":\"de\"}]}<\/script>\n<!-- \/ Yoast SEO plugin. -->","yoast_head_json":{"title":"Home - DDDR. Micolini","description":"Ihr \u00dcbersetzungsb\u00fcro. Auf uns k\u00f6nnen Sie sich verlassen! Unsere \u00dcbersetzer setzen sich jederzeit \u00fcberall gerne f\u00fcr Sie ein!","robots":{"index":"index","follow":"follow","max-snippet":"max-snippet:-1","max-image-preview":"max-image-preview:large","max-video-preview":"max-video-preview:-1"},"canonical":"https:\/\/micolini.at\/2022\/","og_locale":"de_DE","og_type":"article","og_title":"Home - DDDR. Micolini","og_description":"Ihr \u00dcbersetzungsb\u00fcro. Auf uns k\u00f6nnen Sie sich verlassen! Unsere \u00dcbersetzer setzen sich jederzeit \u00fcberall gerne f\u00fcr Sie ein!","og_url":"https:\/\/micolini.at\/2022\/","og_site_name":"DDDR. Micolini","article_modified_time":"2022-11-18T15:16:09+00:00","og_image":[{"url":"https:\/\/micolini.at\/2022\/wp-content\/uploads\/2022\/08\/map-1024x505.png"}],"twitter_card":"summary_large_image","twitter_misc":{"Gesch\u00e4tzte Lesezeit":"1\u00a0Minute"},"schema":{"@context":"https:\/\/schema.org","@graph":[{"@type":"WebPage","@id":"https:\/\/micolini.at\/2022\/","url":"https:\/\/micolini.at\/2022\/","name":"Home - DDDR. Micolini","isPartOf":{"@id":"https:\/\/micolini.at\/2022\/#website"},"datePublished":"2022-08-26T11:53:15+00:00","dateModified":"2022-11-18T15:16:09+00:00","description":"Ihr \u00dcbersetzungsb\u00fcro. Auf uns k\u00f6nnen Sie sich verlassen! Unsere \u00dcbersetzer setzen sich jederzeit \u00fcberall gerne f\u00fcr Sie ein!","breadcrumb":{"@id":"https:\/\/micolini.at\/2022\/#breadcrumb"},"inLanguage":"de","potentialAction":[{"@type":"ReadAction","target":[["https:\/\/micolini.at\/2022\/"]]}]},{"@type":"BreadcrumbList","@id":"https:\/\/micolini.at\/2022\/#breadcrumb","itemListElement":[{"@type":"ListItem","position":1,"name":"Startseite","item":"https:\/\/micolini.at\/2022\/"},{"@type":"ListItem","position":2,"name":"Home"}]},{"@type":"WebSite","@id":"https:\/\/micolini.at\/2022\/#website","url":"https:\/\/micolini.at\/2022\/","name":"DDDR. Micolini","description":"Wilkommen in der Welt der Sprachen","potentialAction":[{"@type":"SearchAction","target":{"@type":"EntryPoint","urlTemplate":"https:\/\/micolini.at\/2022\/?s={search_term_string}"},"query-input":"required name=search_term_string"}],"inLanguage":"de"}]}},"_links":{"self":[{"href":"https:\/\/micolini.at\/2022\/wp-json\/wp\/v2\/pages\/85","targetHints":{"allow":["GET"]}}],"collection":[{"href":"https:\/\/micolini.at\/2022\/wp-json\/wp\/v2\/pages"}],"about":[{"href":"https:\/\/micolini.at\/2022\/wp-json\/wp\/v2\/types\/page"}],"author":[{"embeddable":true,"href":"https:\/\/micolini.at\/2022\/wp-json\/wp\/v2\/users\/1"}],"replies":[{"embeddable":true,"href":"https:\/\/micolini.at\/2022\/wp-json\/wp\/v2\/comments?post=85"}],"version-history":[{"count":7,"href":"https:\/\/micolini.at\/2022\/wp-json\/wp\/v2\/pages\/85\/revisions"}],"predecessor-version":[{"id":135,"href":"https:\/\/micolini.at\/2022\/wp-json\/wp\/v2\/pages\/85\/revisions\/135"}],"wp:attachment":[{"href":"https:\/\/micolini.at\/2022\/wp-json\/wp\/v2\/media?parent=85"}],"curies":[{"name":"wp","href":"https:\/\/api.w.org\/{rel}","templated":true}]}}