{"id":201,"date":"2022-11-18T16:07:23","date_gmt":"2022-11-18T15:07:23","guid":{"rendered":"https:\/\/micolini.at\/?page_id=201"},"modified":"2022-11-18T16:08:16","modified_gmt":"2022-11-18T15:08:16","slug":"legal-notice","status":"publish","type":"page","link":"https:\/\/micolini.at\/en\/legal-notice\/","title":{"rendered":"Legal notice"},"content":{"rendered":"<h2 class=\"wp-block-heading\">Legal notice<\/h2>\n\n\n\n<p><strong>Owner and Editor<\/strong><\/p>\n\n\n\n<p>DDDR. MICOLINI<br>Translation Agency Mag. A. Kulac<\/p>\n\n\n\n<p>Elisabethstra\u00dfe 43,<br>8010 Graz, Austria<\/p>\n\n\n\n<p>Tel: ++43 \/ 316 \/ 829508-0<br>Fax: ++43 \/ 316 \/ 810878<br>Mail: <a href=\"mailto:micolini@micolini.at\">micolini@micolini.at<\/a><br>Web: <a href=\"http:\/\/www.micolini.at\">www.micolini.at<\/a><\/p>\n\n\n\n<p>UID Nr.: ATU 28240800<br>Webdesign: <a href=\"http:\/\/www.mavide.com\">www.mavide.com<\/a><\/p>\n\n\n\n<p><strong>Legal Notice<\/strong><br>Texts, images, graphic designs and the layout of these pages are globally copyright-protected. It is expressly prohibited to use without prior authorization, reproduce or disseminate partial contents or complete sites\/pages except that one single copy of the material may be downloaded on one single computer for your exclusive personal private home use on condition that the copyrights and other rights are not violated, and always providing that the identification of the originator remains unaffected.<\/p>\n\n\n\n<p><strong>Disclaimer<\/strong><br>Although the content is diligently checked, we cannot be held liable for any content published on external links. The responsibility for the content of the linked sites lies exclusively with their operators.<\/p>","protected":false},"excerpt":{"rendered":"<p>Legal notice Owner and Editor DDDR. MICOLINITranslation Agency Mag. A. Kulac Elisabethstra\u00dfe 43,8010 Graz, Austria Tel: ++43 \/ 316 \/ 829508-0Fax: ++43 \/ 316 \/ 810878Mail: micolini@micolini.atWeb: www.micolini.at UID Nr.: ATU 28240800Webdesign: www.mavide.com Legal NoticeTexts, images, graphic designs and the layout of these pages are globally copyright-protected. It is expressly prohibited to use without prior &hellip; <a href=\"https:\/\/micolini.at\/en\/legal-notice\/\" class=\"more-link\">Continue reading <span class=\"screen-reader-text\">Legal notice<\/span> <span class=\"meta-nav\">&rarr;<\/span><\/a><\/p>\n","protected":false},"author":1,"featured_media":0,"parent":0,"menu_order":0,"comment_status":"closed","ping_status":"closed","template":"","meta":{"inline_featured_image":false,"footnotes":""},"class_list":["post-201","page","type-page","status-publish","hentry"],"yoast_head":"<!-- This site is optimized with the Yoast SEO plugin v26.1.1 - https:\/\/yoast.com\/wordpress\/plugins\/seo\/ -->\n<title>Legal notice - DDDR. Micolini<\/title>\n<meta name=\"description\" content=\"Medieninhaber und Herausgeber: DDDr. Micolini, \u00dcbersetzungs- &amp; Dolmetschb\u00fcro Mag. Ali Kulac. Elisabethstra\u00dfe 43,8010 Graz, \u00d6sterreich\" \/>\n<meta name=\"robots\" content=\"index, follow, max-snippet:-1, max-image-preview:large, max-video-preview:-1\" \/>\n<link rel=\"canonical\" href=\"https:\/\/micolini.at\/en\/legal-notice\/\" \/>\n<meta property=\"og:locale\" content=\"en_US\" \/>\n<meta property=\"og:type\" content=\"article\" \/>\n<meta property=\"og:title\" content=\"Legal notice - DDDR. Micolini\" \/>\n<meta property=\"og:description\" content=\"Medieninhaber und Herausgeber: DDDr. Micolini, \u00dcbersetzungs- &amp; Dolmetschb\u00fcro Mag. Ali Kulac. Elisabethstra\u00dfe 43,8010 Graz, \u00d6sterreich\" \/>\n<meta property=\"og:url\" content=\"https:\/\/micolini.at\/en\/legal-notice\/\" \/>\n<meta property=\"og:site_name\" content=\"DDDR. Micolini\" \/>\n<meta property=\"article:modified_time\" content=\"2022-11-18T15:08:16+00:00\" \/>\n<meta name=\"twitter:card\" content=\"summary_large_image\" \/>\n<meta name=\"twitter:label1\" content=\"Est. reading time\" \/>\n\t<meta name=\"twitter:data1\" content=\"1 minute\" \/>\n<script type=\"application\/ld+json\" class=\"yoast-schema-graph\">{\"@context\":\"https:\/\/schema.org\",\"@graph\":[{\"@type\":\"WebPage\",\"@id\":\"https:\/\/micolini.at\/en\/legal-notice\/\",\"url\":\"https:\/\/micolini.at\/en\/legal-notice\/\",\"name\":\"Legal notice - DDDR. Micolini\",\"isPartOf\":{\"@id\":\"https:\/\/micolini.at\/en\/#website\"},\"datePublished\":\"2022-11-18T15:07:23+00:00\",\"dateModified\":\"2022-11-18T15:08:16+00:00\",\"description\":\"Medieninhaber und Herausgeber: DDDr. Micolini, \u00dcbersetzungs- & Dolmetschb\u00fcro Mag. Ali Kulac. Elisabethstra\u00dfe 43,8010 Graz, \u00d6sterreich\",\"breadcrumb\":{\"@id\":\"https:\/\/micolini.at\/en\/legal-notice\/#breadcrumb\"},\"inLanguage\":\"en-US\",\"potentialAction\":[{\"@type\":\"ReadAction\",\"target\":[[\"https:\/\/micolini.at\/en\/legal-notice\/\"]]}]},{\"@type\":\"BreadcrumbList\",\"@id\":\"https:\/\/micolini.at\/en\/legal-notice\/#breadcrumb\",\"itemListElement\":[{\"@type\":\"ListItem\",\"position\":1,\"name\":\"Home\",\"item\":\"https:\/\/micolini.at\/en\/\"},{\"@type\":\"ListItem\",\"position\":2,\"name\":\"Impressum\"}]},{\"@type\":\"WebSite\",\"@id\":\"https:\/\/micolini.at\/en\/#website\",\"url\":\"https:\/\/micolini.at\/en\/\",\"name\":\"DDDR. Micolini\",\"description\":\"Wilkommen in der Welt der Sprachen\",\"potentialAction\":[{\"@type\":\"SearchAction\",\"target\":{\"@type\":\"EntryPoint\",\"urlTemplate\":\"https:\/\/micolini.at\/en\/?s={search_term_string}\"},\"query-input\":{\"@type\":\"PropertyValueSpecification\",\"valueRequired\":true,\"valueName\":\"search_term_string\"}}],\"inLanguage\":\"en-US\"}]}<\/script>\n<!-- \/ Yoast SEO plugin. -->","yoast_head_json":{"title":"Legal notice - DDDR. Micolini","description":"Medieninhaber und Herausgeber: DDDr. Micolini, \u00dcbersetzungs- & Dolmetschb\u00fcro Mag. Ali Kulac. Elisabethstra\u00dfe 43,8010 Graz, \u00d6sterreich","robots":{"index":"index","follow":"follow","max-snippet":"max-snippet:-1","max-image-preview":"max-image-preview:large","max-video-preview":"max-video-preview:-1"},"canonical":"https:\/\/micolini.at\/en\/legal-notice\/","og_locale":"en_US","og_type":"article","og_title":"Legal notice - DDDR. Micolini","og_description":"Medieninhaber und Herausgeber: DDDr. Micolini, \u00dcbersetzungs- & Dolmetschb\u00fcro Mag. Ali Kulac. Elisabethstra\u00dfe 43,8010 Graz, \u00d6sterreich","og_url":"https:\/\/micolini.at\/en\/legal-notice\/","og_site_name":"DDDR. Micolini","article_modified_time":"2022-11-18T15:08:16+00:00","twitter_card":"summary_large_image","twitter_misc":{"Est. reading time":"1 minute"},"schema":{"@context":"https:\/\/schema.org","@graph":[{"@type":"WebPage","@id":"https:\/\/micolini.at\/en\/legal-notice\/","url":"https:\/\/micolini.at\/en\/legal-notice\/","name":"Legal notice - DDDR. Micolini","isPartOf":{"@id":"https:\/\/micolini.at\/en\/#website"},"datePublished":"2022-11-18T15:07:23+00:00","dateModified":"2022-11-18T15:08:16+00:00","description":"Medieninhaber und Herausgeber: DDDr. Micolini, \u00dcbersetzungs- & Dolmetschb\u00fcro Mag. Ali Kulac. Elisabethstra\u00dfe 43,8010 Graz, \u00d6sterreich","breadcrumb":{"@id":"https:\/\/micolini.at\/en\/legal-notice\/#breadcrumb"},"inLanguage":"en-US","potentialAction":[{"@type":"ReadAction","target":[["https:\/\/micolini.at\/en\/legal-notice\/"]]}]},{"@type":"BreadcrumbList","@id":"https:\/\/micolini.at\/en\/legal-notice\/#breadcrumb","itemListElement":[{"@type":"ListItem","position":1,"name":"Home","item":"https:\/\/micolini.at\/en\/"},{"@type":"ListItem","position":2,"name":"Impressum"}]},{"@type":"WebSite","@id":"https:\/\/micolini.at\/en\/#website","url":"https:\/\/micolini.at\/en\/","name":"DDDR. Micolini","description":"Wilkommen in der Welt der Sprachen","potentialAction":[{"@type":"SearchAction","target":{"@type":"EntryPoint","urlTemplate":"https:\/\/micolini.at\/en\/?s={search_term_string}"},"query-input":{"@type":"PropertyValueSpecification","valueRequired":true,"valueName":"search_term_string"}}],"inLanguage":"en-US"}]}},"_links":{"self":[{"href":"https:\/\/micolini.at\/en\/wp-json\/wp\/v2\/pages\/201","targetHints":{"allow":["GET"]}}],"collection":[{"href":"https:\/\/micolini.at\/en\/wp-json\/wp\/v2\/pages"}],"about":[{"href":"https:\/\/micolini.at\/en\/wp-json\/wp\/v2\/types\/page"}],"author":[{"embeddable":true,"href":"https:\/\/micolini.at\/en\/wp-json\/wp\/v2\/users\/1"}],"replies":[{"embeddable":true,"href":"https:\/\/micolini.at\/en\/wp-json\/wp\/v2\/comments?post=201"}],"version-history":[{"count":2,"href":"https:\/\/micolini.at\/en\/wp-json\/wp\/v2\/pages\/201\/revisions"}],"predecessor-version":[{"id":203,"href":"https:\/\/micolini.at\/en\/wp-json\/wp\/v2\/pages\/201\/revisions\/203"}],"wp:attachment":[{"href":"https:\/\/micolini.at\/en\/wp-json\/wp\/v2\/media?parent=201"}],"curies":[{"name":"wp","href":"https:\/\/api.w.org\/{rel}","templated":true}]}}